{"id":1935,"date":"2025-04-22T19:15:11","date_gmt":"2025-04-22T19:15:11","guid":{"rendered":"https:\/\/psicoigormarques.com.br\/?page_id=1935"},"modified":"2025-04-22T19:19:04","modified_gmt":"2025-04-22T19:19:04","slug":"elementor-pagina-1935","status":"publish","type":"page","link":"https:\/\/psicoigormarques.com.br\/?page_id=1935","title":{"rendered":"O que \u00c9 Psican\u00e1lise?"},"content":{"rendered":"\t\t<div data-elementor-type=\"wp-page\" data-elementor-id=\"1935\" class=\"elementor elementor-1935\">\n\t\t\t\t<div class=\"elementor-element elementor-element-fca198d e-grid e-con-boxed e-con e-parent\" data-id=\"fca198d\" data-element_type=\"container\">\n\t\t\t\t\t<div class=\"e-con-inner\">\n\t\t<div class=\"elementor-element elementor-element-408c6d4 e-con-full e-flex e-con e-child\" data-id=\"408c6d4\" data-element_type=\"container\">\n\t\t\t\t<div class=\"elementor-element elementor-element-024619c elementor-widget elementor-widget-heading\" data-id=\"024619c\" data-element_type=\"widget\" data-widget_type=\"heading.default\">\n\t\t\t\t<div class=\"elementor-widget-container\">\n\t\t\t\t\t<h2 class=\"elementor-heading-title elementor-size-default\">Essa Tal Psican\u00e1lise<\/h2>\t\t\t\t<\/div>\n\t\t\t\t<\/div>\n\t\t\t\t<div class=\"elementor-element elementor-element-4b432aa elementor-widget elementor-widget-text-editor\" data-id=\"4b432aa\" data-element_type=\"widget\" data-widget_type=\"text-editor.default\">\n\t\t\t\t<div class=\"elementor-widget-container\">\n\t\t\t\t\t\t\t\t\t<p>A psican\u00e1lise \u00e9 uma investiga\u00e7\u00e3o, uma forma de explorar os mist\u00e9rios da vida e do psiquismo humano a partir da curiosidade, do escutar e de&#8230; prestar aten\u00e7\u00e3o. E vai al\u00e9m: por essa <b>escuta especializada e curiosa<\/b>, podemos perceber novas formas poss\u00edveis para lidar com sofrimentos que antes s\u00f3 poderiam ser algo muito restrito, que sempre paravam em uma rua sem sa\u00edda.<\/p><p>\u00c9 conhecer melhor seu pr\u00f3prio <strong><b>inconsciente<\/b><\/strong>, lugar de onde surgem mist\u00e9rios, solu\u00e7\u00f5es, e belezas.<\/p><p>A <b>escuta terap\u00eautica cria brechas<\/b>, cria oportunidade de se perguntar mais uma vez sobre sua vida, sobre a morte, sobre sua rotina, sobre seus amores, sobre seu trabalho &#8211; podendo, ent\u00e3o, escutar mais uma vez as solu\u00e7\u00f5es que, por qualquer motivo, deixamos passar batido, ou at\u00e9 mesmo negamos, achando n\u00e3o serem \u00fateis para n\u00f3s.<\/p><p>A terapia psicanal\u00edtica \u00e9 uma <b>forma criativa<\/b> de se perguntar mais uma vez, em busca de tratamentos e outras respostas que at\u00e9 ent\u00e3o n\u00e3o eram poss\u00edveis.<\/p><p>Quer saber mais sobre os poss\u00edveis significados da psican\u00e1lise? Continue navegando por outros artigos ou entre em contato e <a href=\"https:\/\/psicoigormarques.com.br\/?page_id=557\"><strong><b>conhe\u00e7a a psican\u00e1lise na pr\u00e1tica<\/b><\/strong><\/a>\u00a0marcando uma sess\u00e3o!<\/p>\t\t\t\t\t\t\t\t<\/div>\n\t\t\t\t<\/div>\n\t\t\t\t<\/div>\n\t\t\t\t<div class=\"elementor-element elementor-element-0675e9b elementor-widget elementor-widget-image\" data-id=\"0675e9b\" data-element_type=\"widget\" data-widget_type=\"image.default\">\n\t\t\t\t<div class=\"elementor-widget-container\">\n\t\t\t\t\t\t\t\t\t\t\t\t\t\t\t<img fetchpriority=\"high\" decoding=\"async\" width=\"2560\" height=\"1707\" src=\"https:\/\/psicoigormarques.com.br\/wp-content\/uploads\/2025\/04\/pexels-alex-green-5699463-scaled.jpg\" class=\"attachment-full size-full wp-image-1939\" alt=\"\" srcset=\"https:\/\/psicoigormarques.com.br\/wp-content\/uploads\/2025\/04\/pexels-alex-green-5699463-scaled.jpg 2560w, https:\/\/psicoigormarques.com.br\/wp-content\/uploads\/2025\/04\/pexels-alex-green-5699463-300x200.jpg 300w, https:\/\/psicoigormarques.com.br\/wp-content\/uploads\/2025\/04\/pexels-alex-green-5699463-1024x683.jpg 1024w, https:\/\/psicoigormarques.com.br\/wp-content\/uploads\/2025\/04\/pexels-alex-green-5699463-768x512.jpg 768w, https:\/\/psicoigormarques.com.br\/wp-content\/uploads\/2025\/04\/pexels-alex-green-5699463-1536x1024.jpg 1536w, https:\/\/psicoigormarques.com.br\/wp-content\/uploads\/2025\/04\/pexels-alex-green-5699463-2048x1365.jpg 2048w\" sizes=\"(max-width: 2560px) 100vw, 2560px\" \/>\t\t\t\t\t\t\t\t\t\t\t\t\t\t\t<\/div>\n\t\t\t\t<\/div>\n\t\t\t\t\t<\/div>\n\t\t\t\t<\/div>\n\t\t<div class=\"elementor-element elementor-element-651cbb1 e-flex e-con-boxed e-con e-parent\" data-id=\"651cbb1\" data-element_type=\"container\">\n\t\t\t\t\t<div class=\"e-con-inner\">\n\t\t\t\t<div class=\"elementor-element elementor-element-58998f8 elementor-widget__width-initial elementor-widget elementor-widget-image\" data-id=\"58998f8\" data-element_type=\"widget\" data-widget_type=\"image.default\">\n\t\t\t\t<div class=\"elementor-widget-container\">\n\t\t\t\t\t\t\t\t\t\t\t\t\t\t\t<img decoding=\"async\" src=\"https:\/\/psicoigormarques.com.br\/wp-content\/uploads\/elementor\/thumbs\/pexels-jari-lobo-456989711-18884038-scaled-r4qwnljhq1ieh8x9fhckn2v8ysud51t93s1xoluh88.jpg\" title=\"pexels-jari-lobo-456989711-18884038\" alt=\"pexels-jari-lobo-456989711-18884038\" loading=\"lazy\" \/>\t\t\t\t\t\t\t\t\t\t\t\t\t\t\t<\/div>\n\t\t\t\t<\/div>\n\t\t\t\t\t<\/div>\n\t\t\t\t<\/div>\n\t\t\t\t<\/div>\n\t\t","protected":false},"excerpt":{"rendered":"<p>Essa Tal Psican\u00e1lise A psican\u00e1lise \u00e9 uma investiga\u00e7\u00e3o, uma forma de explorar os mist\u00e9rios da vida e do psiquismo humano [&hellip;]<\/p>\n","protected":false},"author":1,"featured_media":0,"parent":0,"menu_order":0,"comment_status":"closed","ping_status":"closed","template":"","meta":{"footnotes":""},"class_list":["post-1935","page","type-page","status-publish","hentry"],"_links":{"self":[{"href":"https:\/\/psicoigormarques.com.br\/index.php?rest_route=\/wp\/v2\/pages\/1935","targetHints":{"allow":["GET"]}}],"collection":[{"href":"https:\/\/psicoigormarques.com.br\/index.php?rest_route=\/wp\/v2\/pages"}],"about":[{"href":"https:\/\/psicoigormarques.com.br\/index.php?rest_route=\/wp\/v2\/types\/page"}],"author":[{"embeddable":true,"href":"https:\/\/psicoigormarques.com.br\/index.php?rest_route=\/wp\/v2\/users\/1"}],"replies":[{"embeddable":true,"href":"https:\/\/psicoigormarques.com.br\/index.php?rest_route=%2Fwp%2Fv2%2Fcomments&post=1935"}],"version-history":[{"count":7,"href":"https:\/\/psicoigormarques.com.br\/index.php?rest_route=\/wp\/v2\/pages\/1935\/revisions"}],"predecessor-version":[{"id":1945,"href":"https:\/\/psicoigormarques.com.br\/index.php?rest_route=\/wp\/v2\/pages\/1935\/revisions\/1945"}],"wp:attachment":[{"href":"https:\/\/psicoigormarques.com.br\/index.php?rest_route=%2Fwp%2Fv2%2Fmedia&parent=1935"}],"curies":[{"name":"wp","href":"https:\/\/api.w.org\/{rel}","templated":true}]}}