{"id":1948,"date":"2025-04-22T19:25:23","date_gmt":"2025-04-22T19:25:23","guid":{"rendered":"https:\/\/psicoigormarques.com.br\/?page_id=1948"},"modified":"2025-04-22T19:26:08","modified_gmt":"2025-04-22T19:26:08","slug":"e-hoje-em-dia","status":"publish","type":"page","link":"https:\/\/psicoigormarques.com.br\/?page_id=1948","title":{"rendered":"E Hoje em Dia?"},"content":{"rendered":"\t\t<div data-elementor-type=\"wp-page\" data-elementor-id=\"1948\" class=\"elementor elementor-1948\">\n\t\t\t\t<div class=\"elementor-element elementor-element-da0780f e-grid e-con-boxed e-con e-parent\" data-id=\"da0780f\" data-element_type=\"container\">\n\t\t\t\t\t<div class=\"e-con-inner\">\n\t\t<div class=\"elementor-element elementor-element-30c0163 e-con-full e-flex e-con e-child\" data-id=\"30c0163\" data-element_type=\"container\">\n\t\t\t\t<div class=\"elementor-element elementor-element-912c3b6 elementor-widget elementor-widget-image\" data-id=\"912c3b6\" data-element_type=\"widget\" data-widget_type=\"image.default\">\n\t\t\t\t<div class=\"elementor-widget-container\">\n\t\t\t\t\t\t\t\t\t\t\t\t\t\t\t<img fetchpriority=\"high\" decoding=\"async\" width=\"836\" height=\"939\" src=\"https:\/\/psicoigormarques.com.br\/wp-content\/uploads\/2025\/04\/Bust-of-Wilfred-Bion.jpg\" class=\"attachment-full size-full wp-image-1938\" alt=\"\" srcset=\"https:\/\/psicoigormarques.com.br\/wp-content\/uploads\/2025\/04\/Bust-of-Wilfred-Bion.jpg 836w, https:\/\/psicoigormarques.com.br\/wp-content\/uploads\/2025\/04\/Bust-of-Wilfred-Bion-267x300.jpg 267w, https:\/\/psicoigormarques.com.br\/wp-content\/uploads\/2025\/04\/Bust-of-Wilfred-Bion-768x863.jpg 768w\" sizes=\"(max-width: 836px) 100vw, 836px\" \/>\t\t\t\t\t\t\t\t\t\t\t\t\t\t\t<\/div>\n\t\t\t\t<\/div>\n\t\t\t\t<\/div>\n\t\t<div class=\"elementor-element elementor-element-f034d57 e-con-full e-flex e-con e-child\" data-id=\"f034d57\" data-element_type=\"container\">\n\t\t\t\t<div class=\"elementor-element elementor-element-be256f3 elementor-widget elementor-widget-heading\" data-id=\"be256f3\" data-element_type=\"widget\" data-widget_type=\"heading.default\">\n\t\t\t\t<div class=\"elementor-widget-container\">\n\t\t\t\t\t<h2 class=\"elementor-heading-title elementor-size-default\">Ah, essa Velha Psican\u00e1lise<\/h2>\t\t\t\t<\/div>\n\t\t\t\t<\/div>\n\t\t\t\t<div class=\"elementor-element elementor-element-db09f65 elementor-widget elementor-widget-text-editor\" data-id=\"db09f65\" data-element_type=\"widget\" data-widget_type=\"text-editor.default\">\n\t\t\t\t<div class=\"elementor-widget-container\">\n\t\t\t\t\t\t\t\t\t<p>O div\u00e3&#8230; O charuto&#8230; Um senhor barbudo sentado quieto atr\u00e1s de voc\u00ea, mudo de tudo. Essa \u00e9 a imagem que por vezes se dissemina dessa tal de psican\u00e1lise. Surgida no come\u00e7o do s\u00e9culo passado pelos trabalhos de Sigmund Freud, vem, desde ent\u00e3o, se recriando com o tempo, e de acordo com os trabalhos de<strong><b>\u00a0novas autorias<\/b><\/strong>\u00a0em diferentes pa\u00edses, institui\u00e7\u00f5es, lares.<\/p><p>Novas gera\u00e7\u00f5es de psicanalistas se seguiram ao barbudinho, adotando mudan\u00e7as de acordo com as demandas de seus pacientes. Isso cria um campo de pesquisa e de atua\u00e7\u00e3o na abordagem psicanal\u00edtica que est\u00e1 sempre atr\u00e1s de <b>conjugar seus conhecimentos com as novidades do mundo<\/b>.<\/p><p>Na investiga\u00e7\u00e3o psicanal\u00edtica, alguns trabalham com div\u00e3, outros n\u00e3o. At\u00e9 esse tal de Complexo de \u00c9dipo n\u00e3o se encontra na pr\u00e1tica de todos psicanalistas! <b>Nem todo psicanalista se fixa em papai e mam\u00e3e<\/b>. Vai de acordo com a forma como o profissional v\u00ea seu contexto, seu mundo, e as demandas do paciente.<\/p><p>Enfim, a teoria psicanal\u00edtica, junto com seus edif\u00edcios centen\u00e1rios, tamb\u00e9m se refresca em contato com as novidades do mundo!<\/p><p>Ficou curioso? Conhe\u00e7a tamb\u00e9m algumas defini\u00e7\u00f5es de inconsciente ou saiba <strong><a href=\"https:\/\/psicoigormarques.com.br\/?page_id=521\">mais poss\u00edveis formatos de terapia psicanal\u00edtica<\/a><\/strong> que ofere\u00e7o!<\/p>\t\t\t\t\t\t\t\t<\/div>\n\t\t\t\t<\/div>\n\t\t\t\t<\/div>\n\t\t\t\t\t<\/div>\n\t\t\t\t<\/div>\n\t\t\t\t<\/div>\n\t\t","protected":false},"excerpt":{"rendered":"<p>Ah, essa Velha Psican\u00e1lise O div\u00e3&#8230; O charuto&#8230; Um senhor barbudo sentado quieto atr\u00e1s de voc\u00ea, mudo de tudo. Essa [&hellip;]<\/p>\n","protected":false},"author":1,"featured_media":1950,"parent":0,"menu_order":0,"comment_status":"closed","ping_status":"closed","template":"","meta":{"footnotes":""},"class_list":["post-1948","page","type-page","status-publish","has-post-thumbnail","hentry"],"_links":{"self":[{"href":"https:\/\/psicoigormarques.com.br\/index.php?rest_route=\/wp\/v2\/pages\/1948","targetHints":{"allow":["GET"]}}],"collection":[{"href":"https:\/\/psicoigormarques.com.br\/index.php?rest_route=\/wp\/v2\/pages"}],"about":[{"href":"https:\/\/psicoigormarques.com.br\/index.php?rest_route=\/wp\/v2\/types\/page"}],"author":[{"embeddable":true,"href":"https:\/\/psicoigormarques.com.br\/index.php?rest_route=\/wp\/v2\/users\/1"}],"replies":[{"embeddable":true,"href":"https:\/\/psicoigormarques.com.br\/index.php?rest_route=%2Fwp%2Fv2%2Fcomments&post=1948"}],"version-history":[{"count":4,"href":"https:\/\/psicoigormarques.com.br\/index.php?rest_route=\/wp\/v2\/pages\/1948\/revisions"}],"predecessor-version":[{"id":1953,"href":"https:\/\/psicoigormarques.com.br\/index.php?rest_route=\/wp\/v2\/pages\/1948\/revisions\/1953"}],"wp:featuredmedia":[{"embeddable":true,"href":"https:\/\/psicoigormarques.com.br\/index.php?rest_route=\/wp\/v2\/media\/1950"}],"wp:attachment":[{"href":"https:\/\/psicoigormarques.com.br\/index.php?rest_route=%2Fwp%2Fv2%2Fmedia&parent=1948"}],"curies":[{"name":"wp","href":"https:\/\/api.w.org\/{rel}","templated":true}]}}