{"id":1955,"date":"2025-04-22T19:30:42","date_gmt":"2025-04-22T19:30:42","guid":{"rendered":"https:\/\/psicoigormarques.com.br\/?page_id=1955"},"modified":"2025-04-22T19:38:57","modified_gmt":"2025-04-22T19:38:57","slug":"como-e-uma-sessao","status":"publish","type":"page","link":"https:\/\/psicoigormarques.com.br\/?page_id=1955","title":{"rendered":"Como \u00c9 uma Sess\u00e3o?"},"content":{"rendered":"\t\t<div data-elementor-type=\"wp-page\" data-elementor-id=\"1955\" class=\"elementor elementor-1955\">\n\t\t\t\t<div class=\"elementor-element elementor-element-e91ad33 e-flex e-con-boxed e-con e-parent\" data-id=\"e91ad33\" data-element_type=\"container\">\n\t\t\t\t\t<div class=\"e-con-inner\">\n\t\t<div class=\"elementor-element elementor-element-f63ff06 e-con-full e-flex e-con e-child\" data-id=\"f63ff06\" data-element_type=\"container\">\n\t\t\t\t<div class=\"elementor-element elementor-element-76017dd elementor-widget elementor-widget-heading\" data-id=\"76017dd\" data-element_type=\"widget\" data-widget_type=\"heading.default\">\n\t\t\t\t<div class=\"elementor-widget-container\">\n\t\t\t\t\t<h2 class=\"elementor-heading-title elementor-size-default\">Tudo Come\u00e7a Com a Palavra<\/h2>\t\t\t\t<\/div>\n\t\t\t\t<\/div>\n\t\t\t\t<div class=\"elementor-element elementor-element-ae05c31 elementor-widget elementor-widget-image\" data-id=\"ae05c31\" data-element_type=\"widget\" data-widget_type=\"image.default\">\n\t\t\t\t<div class=\"elementor-widget-container\">\n\t\t\t\t\t\t\t\t\t\t\t\t\t\t\t<img fetchpriority=\"high\" decoding=\"async\" width=\"1918\" height=\"2560\" src=\"https:\/\/psicoigormarques.com.br\/wp-content\/uploads\/2025\/04\/pexels-slendyalex-3888585-scaled.jpg\" class=\"attachment-full size-full wp-image-1958\" alt=\"\" srcset=\"https:\/\/psicoigormarques.com.br\/wp-content\/uploads\/2025\/04\/pexels-slendyalex-3888585-scaled.jpg 1918w, https:\/\/psicoigormarques.com.br\/wp-content\/uploads\/2025\/04\/pexels-slendyalex-3888585-225x300.jpg 225w, https:\/\/psicoigormarques.com.br\/wp-content\/uploads\/2025\/04\/pexels-slendyalex-3888585-767x1024.jpg 767w, https:\/\/psicoigormarques.com.br\/wp-content\/uploads\/2025\/04\/pexels-slendyalex-3888585-768x1025.jpg 768w, https:\/\/psicoigormarques.com.br\/wp-content\/uploads\/2025\/04\/pexels-slendyalex-3888585-1151x1536.jpg 1151w, https:\/\/psicoigormarques.com.br\/wp-content\/uploads\/2025\/04\/pexels-slendyalex-3888585-1534x2048.jpg 1534w\" sizes=\"(max-width: 1918px) 100vw, 1918px\" \/>\t\t\t\t\t\t\t\t\t\t\t\t\t\t\t<\/div>\n\t\t\t\t<\/div>\n\t\t\t\t<div class=\"elementor-element elementor-element-92bda6d elementor-widget elementor-widget-text-editor\" data-id=\"92bda6d\" data-element_type=\"widget\" data-widget_type=\"text-editor.default\">\n\t\t\t\t<div class=\"elementor-widget-container\">\n\t\t\t\t\t\t\t\t\t<p class=\"p\"><span style=\"mso-spacerun: 'yes'; font-family: Candara; mso-fareast-font-family: SimSun; font-size: 12,0000pt; mso-font-kerning: 0,0000pt;\">Na <\/span><b><span class=\"15\" style=\"font-family: Candara;\">terapia psicanal\u00edtica<\/span><\/b><span style=\"mso-spacerun: 'yes'; font-family: Candara; mso-fareast-font-family: SimSun; font-size: 12,0000pt; mso-font-kerning: 0,0000pt;\">, tudo come\u00e7a com a vontade de entender melhor esse tal sofrimento que chega sem aviso. Pode ser uma <\/span><b><span class=\"15\" style=\"font-family: Candara;\">tristeza<\/span><\/b><span style=\"mso-spacerun: 'yes'; font-family: Candara; mso-fareast-font-family: SimSun; font-size: 12,0000pt; mso-font-kerning: 0,0000pt;\">, uma <\/span><b><span class=\"15\" style=\"font-family: Candara;\">decep\u00e7\u00e3o<\/span><\/b><span style=\"mso-spacerun: 'yes'; font-family: Candara; mso-fareast-font-family: SimSun; font-size: 12,0000pt; mso-font-kerning: 0,0000pt;\">, uma <\/span><b><span class=\"15\" style=\"font-family: Candara;\">frustra\u00e7\u00e3o<\/span><\/b><span style=\"mso-spacerun: 'yes'; font-family: Candara; mso-fareast-font-family: SimSun; font-size: 12,0000pt; mso-font-kerning: 0,0000pt;\">, um <\/span><b><span class=\"15\" style=\"font-family: Candara;\">estresse<\/span><\/b><span style=\"mso-spacerun: 'yes'; font-family: Candara; mso-fareast-font-family: SimSun; font-size: 12,0000pt; mso-font-kerning: 0,0000pt;\">\u00a0<span style=\"font-family: Candara;\">\u2013 qualquer coisa que prenda o cora\u00e7\u00e3o, que fique entalada na garganta ou pare\u00e7a estranha em algum canto da mente.<\/span><\/span><\/p><p class=\"p\"><span style=\"mso-spacerun: 'yes'; font-family: Candara; mso-fareast-font-family: SimSun; font-size: 12,0000pt; mso-font-kerning: 0,0000pt;\">A fala surge no seu tempo, e de repente um simples sofrimento ganha <\/span><b><span class=\"15\" style=\"font-family: Candara;\">dimens\u00f5es, rostos, medos e contornos<\/span><\/b><span style=\"mso-spacerun: 'yes'; font-family: Candara; mso-fareast-font-family: SimSun; font-size: 12,0000pt; mso-font-kerning: 0,0000pt;\">. O que parecia pequeno se revela profundo. Quem diria que n\u00e3o \u00e9 simples sofrer?<\/span><\/p><p class=\"p\"><span style=\"mso-spacerun: 'yes'; font-family: Candara; mso-fareast-font-family: SimSun; font-size: 12,0000pt; mso-font-kerning: 0,0000pt;\">Com o tempo, percebemos que nossas chamadas <\/span><b><span class=\"15\" style=\"font-family: Candara;\">\u201czonas de conforto\u201d<\/span><\/b><span style=\"mso-spacerun: 'yes'; font-family: Candara; mso-fareast-font-family: SimSun; font-size: 12,0000pt; mso-font-kerning: 0,0000pt;\">\u00a0nem sempre s\u00e3o t\u00e3o confort\u00e1veis assim \u2013 se \u00e9 que algum dia foram. Algumas defesas emocionais mal conseguem cumprir seu papel de prote\u00e7\u00e3o. Como disse o psicanalista <\/span><b><span class=\"15\" style=\"font-family: Candara;\">Thomas Ogden<\/span><\/b><span style=\"mso-spacerun: 'yes'; font-family: Candara; mso-fareast-font-family: SimSun; font-size: 12,0000pt; mso-font-kerning: 0,0000pt;\">:<\/span><\/p><blockquote><span style=\"color: #ffffff;\"><strong><span style=\"mso-spacerun: 'yes'; font-family: Candara; mso-fareast-font-family: SimSun; font-size: 12,0000pt; mso-font-kerning: 0,0000pt;\">\u201cS\u00e3o necess\u00e1rias duas mentes para se pensar aquilo de aterrorizante no pensamento de uma delas.\u201d<\/span><\/strong><\/span><\/blockquote><p class=\"p\"><span style=\"mso-spacerun: 'yes'; font-family: Candara; mso-fareast-font-family: SimSun; font-size: 12,0000pt; mso-font-kerning: 0,0000pt;\">Ao falar sobre esse sofrimento e explorar novas possibilidades, ele deixa de ser um <\/span><b><span class=\"15\" style=\"font-family: Candara;\">muro<\/span><\/b><span style=\"mso-spacerun: 'yes'; font-family: Candara; mso-fareast-font-family: SimSun; font-size: 12,0000pt; mso-font-kerning: 0,0000pt;\">\u00a0e se transforma em <\/span><b><span class=\"15\" style=\"font-family: Candara;\">porta<\/span><\/b><span style=\"mso-spacerun: 'yes'; font-family: Candara; mso-fareast-font-family: SimSun; font-size: 12,0000pt; mso-font-kerning: 0,0000pt;\">. Com mais tempo e ferramentas, atravessar essa porta se torna mais f\u00e1cil, menos amedrontador, at\u00e9 que um dia, uma nova porta aparece.<\/span><\/p>\t\t\t\t\t\t\t\t<\/div>\n\t\t\t\t<\/div>\n\t\t\t\t<\/div>\n\t\t<div class=\"elementor-element elementor-element-26b4812 e-con-full e-flex e-con e-child\" data-id=\"26b4812\" data-element_type=\"container\">\n\t\t\t\t<div class=\"elementor-element elementor-element-f1e159c elementor-widget elementor-widget-text-editor\" data-id=\"f1e159c\" data-element_type=\"widget\" data-widget_type=\"text-editor.default\">\n\t\t\t\t<div class=\"elementor-widget-container\">\n\t\t\t\t\t\t\t\t\t<p class=\"p\"><b style=\"color: #52547c; font-family: 'Playfair Display', serif; font-size: 1.75rem;\"><span style=\"font-family: Candara;\">A Sess\u00e3o Psicanal\u00edtica<\/span><\/b><\/p><p class=\"p\"><span style=\"mso-spacerun: 'yes'; font-family: Candara; mso-fareast-font-family: SimSun; font-size: 12,0000pt; mso-font-kerning: 0,0000pt;\">Um sofrimento n\u00e3o se contorna: <\/span><b><span class=\"15\" style=\"font-family: Candara;\">se atravessa<\/span><\/b><span style=\"mso-spacerun: 'yes'; font-family: Candara; mso-fareast-font-family: SimSun; font-size: 12,0000pt; mso-font-kerning: 0,0000pt;\">. A <\/span><b><span class=\"15\" style=\"font-family: Candara;\">sess\u00e3o psicanal\u00edtica<\/span><\/b><span style=\"mso-spacerun: 'yes'; font-family: Candara; mso-fareast-font-family: SimSun; font-size: 12,0000pt; mso-font-kerning: 0,0000pt;\">\u00a0\u00e9 um espa\u00e7o seguro, onde voc\u00ea \u00e9 acompanhado nesse processo de transforma\u00e7\u00e3o. Olhamos para o sofrimento com dignidade, permitindo que ele seja questionado e superado.<\/span><\/p><h5><a href=\"https:\/\/psicoigormarques.com.br\/?page_id=557\"><b><span style=\"font-family: Candara;\">Agende uma Sess\u00e3o e Inicie Sua Jornada!<\/span><\/b><\/a><\/h5><p class=\"p\"><span style=\"mso-spacerun: 'yes'; font-family: Candara; mso-fareast-font-family: SimSun; font-size: 12,0000pt; mso-font-kerning: 0,0000pt;\">Ficou curioso sobre o <\/span><b><span class=\"15\" style=\"font-family: Candara;\">processo anal\u00edtico<\/span><\/b><span style=\"mso-spacerun: 'yes'; font-family: Candara; mso-fareast-font-family: SimSun; font-size: 12,0000pt; mso-font-kerning: 0,0000pt;\">? Quer entender melhor como a <\/span><b><span class=\"15\" style=\"font-family: Candara;\">psican\u00e1lise pode ajudar no autoconhecimento<\/span><\/b><span style=\"mso-spacerun: 'yes'; font-family: Candara; mso-fareast-font-family: SimSun; font-size: 12,0000pt; mso-font-kerning: 0,0000pt;\">\u00a0e na supera\u00e7\u00e3o emocional? <\/span><b><span class=\"15\" style=\"font-family: Candara;\">Agende uma sess\u00e3o<\/span><\/b><span style=\"mso-spacerun: 'yes'; font-family: Candara; mso-fareast-font-family: SimSun; font-size: 12,0000pt; mso-font-kerning: 0,0000pt;\">\u00a0e descubra os benef\u00edcios da terapia psicanal\u00edtica na pr\u00e1tica!<\/span><\/p>\t\t\t\t\t\t\t\t<\/div>\n\t\t\t\t<\/div>\n\t\t\t\t<div class=\"elementor-element elementor-element-503b88d elementor-widget elementor-widget-image\" data-id=\"503b88d\" data-element_type=\"widget\" data-widget_type=\"image.default\">\n\t\t\t\t<div class=\"elementor-widget-container\">\n\t\t\t\t\t\t\t\t\t\t\t\t\t\t\t<img decoding=\"async\" width=\"1707\" height=\"2560\" src=\"https:\/\/psicoigormarques.com.br\/wp-content\/uploads\/2025\/04\/pexels-diego-fraga-110688029-29489111-scaled.jpg\" class=\"attachment-full size-full wp-image-1959\" alt=\"\" srcset=\"https:\/\/psicoigormarques.com.br\/wp-content\/uploads\/2025\/04\/pexels-diego-fraga-110688029-29489111-scaled.jpg 1707w, https:\/\/psicoigormarques.com.br\/wp-content\/uploads\/2025\/04\/pexels-diego-fraga-110688029-29489111-200x300.jpg 200w, https:\/\/psicoigormarques.com.br\/wp-content\/uploads\/2025\/04\/pexels-diego-fraga-110688029-29489111-683x1024.jpg 683w, https:\/\/psicoigormarques.com.br\/wp-content\/uploads\/2025\/04\/pexels-diego-fraga-110688029-29489111-768x1152.jpg 768w, https:\/\/psicoigormarques.com.br\/wp-content\/uploads\/2025\/04\/pexels-diego-fraga-110688029-29489111-1024x1536.jpg 1024w, https:\/\/psicoigormarques.com.br\/wp-content\/uploads\/2025\/04\/pexels-diego-fraga-110688029-29489111-1365x2048.jpg 1365w\" sizes=\"(max-width: 1707px) 100vw, 1707px\" \/>\t\t\t\t\t\t\t\t\t\t\t\t\t\t\t<\/div>\n\t\t\t\t<\/div>\n\t\t\t\t<\/div>\n\t\t\t\t\t<\/div>\n\t\t\t\t<\/div>\n\t\t\t\t<\/div>\n\t\t","protected":false},"excerpt":{"rendered":"<p>Tudo Come\u00e7a Com a Palavra Na terapia psicanal\u00edtica, tudo come\u00e7a com a vontade de entender melhor esse tal sofrimento que [&hellip;]<\/p>\n","protected":false},"author":1,"featured_media":1957,"parent":0,"menu_order":0,"comment_status":"closed","ping_status":"closed","template":"","meta":{"footnotes":""},"class_list":["post-1955","page","type-page","status-publish","has-post-thumbnail","hentry"],"_links":{"self":[{"href":"https:\/\/psicoigormarques.com.br\/index.php?rest_route=\/wp\/v2\/pages\/1955","targetHints":{"allow":["GET"]}}],"collection":[{"href":"https:\/\/psicoigormarques.com.br\/index.php?rest_route=\/wp\/v2\/pages"}],"about":[{"href":"https:\/\/psicoigormarques.com.br\/index.php?rest_route=\/wp\/v2\/types\/page"}],"author":[{"embeddable":true,"href":"https:\/\/psicoigormarques.com.br\/index.php?rest_route=\/wp\/v2\/users\/1"}],"replies":[{"embeddable":true,"href":"https:\/\/psicoigormarques.com.br\/index.php?rest_route=%2Fwp%2Fv2%2Fcomments&post=1955"}],"version-history":[{"count":7,"href":"https:\/\/psicoigormarques.com.br\/index.php?rest_route=\/wp\/v2\/pages\/1955\/revisions"}],"predecessor-version":[{"id":1965,"href":"https:\/\/psicoigormarques.com.br\/index.php?rest_route=\/wp\/v2\/pages\/1955\/revisions\/1965"}],"wp:featuredmedia":[{"embeddable":true,"href":"https:\/\/psicoigormarques.com.br\/index.php?rest_route=\/wp\/v2\/media\/1957"}],"wp:attachment":[{"href":"https:\/\/psicoigormarques.com.br\/index.php?rest_route=%2Fwp%2Fv2%2Fmedia&parent=1955"}],"curies":[{"name":"wp","href":"https:\/\/api.w.org\/{rel}","templated":true}]}}