{"id":521,"date":"2021-08-12T04:19:48","date_gmt":"2021-08-12T04:19:48","guid":{"rendered":"https:\/\/psicoigormarques.com.br\/?page_id=521"},"modified":"2025-06-23T17:39:30","modified_gmt":"2025-06-23T17:39:30","slug":"our-services","status":"publish","type":"page","link":"https:\/\/psicoigormarques.com.br\/?page_id=521","title":{"rendered":"Tipos de Atendimentos"},"content":{"rendered":"\t\t<div data-elementor-type=\"wp-page\" data-elementor-id=\"521\" class=\"elementor elementor-521\">\n\t\t\t\t\t\t<section class=\"elementor-section elementor-top-section elementor-element elementor-element-5fe5663 elementor-section-full_width elementor-section-height-default elementor-section-height-default\" data-id=\"5fe5663\" data-element_type=\"section\">\n\t\t\t\t\t\t<div class=\"elementor-container elementor-column-gap-no\">\n\t\t\t\t\t<div class=\"elementor-column elementor-col-100 elementor-top-column elementor-element elementor-element-1b2d065\" data-id=\"1b2d065\" data-element_type=\"column\">\n\t\t\t<div class=\"elementor-widget-wrap\">\n\t\t\t\t\t\t\t<\/div>\n\t\t<\/div>\n\t\t\t\t\t<\/div>\n\t\t<\/section>\n\t\t\t\t<section class=\"elementor-section elementor-top-section elementor-element elementor-element-1363e79 elementor-section-full_width elementor-section-content-space-around elementor-section-height-default elementor-section-height-default\" data-id=\"1363e79\" data-element_type=\"section\">\n\t\t\t\t\t\t<div class=\"elementor-container elementor-column-gap-narrow\">\n\t\t\t\t\t<div class=\"elementor-column elementor-col-100 elementor-top-column elementor-element elementor-element-1888911\" data-id=\"1888911\" data-element_type=\"column\">\n\t\t\t<div class=\"elementor-widget-wrap elementor-element-populated\">\n\t\t\t\t<div class=\"elementor-element elementor-element-6621566 e-flex e-con-boxed e-con e-parent\" data-id=\"6621566\" data-element_type=\"container\">\n\t\t\t\t\t<div class=\"e-con-inner\">\n\t\t<div class=\"elementor-element elementor-element-a8ceadd e-con-full e-flex e-con e-child\" data-id=\"a8ceadd\" data-element_type=\"container\">\n\t\t\t\t<div class=\"elementor-element elementor-element-ccb6b46 elementor-widget elementor-widget-heading\" data-id=\"ccb6b46\" data-element_type=\"widget\" data-widget_type=\"heading.default\">\n\t\t\t\t<div class=\"elementor-widget-container\">\n\t\t\t\t\t<h2 class=\"elementor-heading-title elementor-size-default\">Psicoterapia \/ An\u00e1lise<\/h2>\t\t\t\t<\/div>\n\t\t\t\t<\/div>\n\t\t\t\t<div class=\"elementor-element elementor-element-450aea4 elementor-widget__width-inherit elementor-invisible elementor-widget elementor-widget-image\" data-id=\"450aea4\" data-element_type=\"widget\" data-settings=\"{&quot;_animation&quot;:&quot;fadeIn&quot;}\" data-widget_type=\"image.default\">\n\t\t\t\t<div class=\"elementor-widget-container\">\n\t\t\t\t\t\t\t\t\t\t\t\t\t\t\t<img decoding=\"async\" src=\"https:\/\/psicoigormarques.com.br\/wp-content\/uploads\/elementor\/thumbs\/counseling-r3zds3clxb8zr3iy5o7087uwla4pby0cqvx1jg3vf4.jpg\" title=\"counseling\" alt=\"counseling\" loading=\"lazy\" \/>\t\t\t\t\t\t\t\t\t\t\t\t\t\t\t<\/div>\n\t\t\t\t<\/div>\n\t\t\t\t<div class=\"elementor-element elementor-element-c8a0ad3 elementor-widget elementor-widget-text-editor\" data-id=\"c8a0ad3\" data-element_type=\"widget\" data-widget_type=\"text-editor.default\">\n\t\t\t\t<div class=\"elementor-widget-container\">\n\t\t\t\t\t\t\t\t\t<p>A an\u00e1lise \u00e9 um <strong><b>processo de longo prazo<\/b><\/strong>, no qual a pessoa que procura essa escuta se abre sobre diversos aspectos da sua vida com o analista e, construindo juntos, d\u00e1 um novo contorno e <strong><b>novas possibilidades para lidar com seu sofrimento<\/b><\/strong>.<\/p><p>Podemos pensar algo <strong><b>pr\u00f3ximo<\/b><\/strong>\u00a0aquilo que geralmente se chama de <strong><b>terapia<\/b><\/strong>, com <strong><b>50 minutos semanais<\/b><\/strong>\u00a0(ou duas vezes por semana, dependendo da vontade da pessoa que procura pelo servi\u00e7o).<\/p><p>N\u00e3o possui um tema \u00fanico, <strong><b>todos assuntos s\u00e3o poss\u00edveis na an\u00e1lise<\/b><\/strong>\u00a0uma vez que sua inten\u00e7\u00e3o \u00e9 tomar consci\u00eancia n\u00e3o apenas sobre como o sofrimento se mant\u00e9m na vida da pessoa, mas tamb\u00e9m como outros aspectos de sua personalidade, de seu ambiente, de seu corpo ajudam a manter esse sofrimento &#8211; ou oferecem sa\u00eddas para esse cen\u00e1rio.\u00a0<\/p><p>A an\u00e1lise\/psicoterapia oferece um <strong>acompanhamento profissional<\/strong> a longo prazo para quest\u00f5es como ansiedade, depress\u00e3o, <em>burnout<\/em>, mas tamb\u00e9m para outros sofrimentos. E, finalmente, trabalhando juntos, criar formas de sair desse cen\u00e1rio de sofrimento.<\/p><p>Escrevi tamb\u00e9m como pode ser uma <strong><b>sess\u00e3o de psican\u00e1lise<\/b><\/strong>\u00a0por aqui!<\/p><p>A psican\u00e1lise v\u00ea o indiv\u00edduo ao mesmo tempo como pr\u00f3ximo de seu sofrimento, mas n\u00e3o sendo poss\u00edvel resum\u00ed-lo a isso.<\/p>\t\t\t\t\t\t\t\t<\/div>\n\t\t\t\t<\/div>\n\t\t\t\t<div class=\"elementor-element elementor-element-1239258 elementor-button-success elementor-align-center elementor-widget elementor-widget-button\" data-id=\"1239258\" data-element_type=\"widget\" data-widget_type=\"button.default\">\n\t\t\t\t<div class=\"elementor-widget-container\">\n\t\t\t\t\t\t\t\t\t<div class=\"elementor-button-wrapper\">\n\t\t\t\t\t<a class=\"elementor-button elementor-button-link elementor-size-sm\" href=\"https:\/\/psicoigormarques.com.br\/?page_id=557\">\n\t\t\t\t\t\t<span class=\"elementor-button-content-wrapper\">\n\t\t\t\t\t\t<span class=\"elementor-button-icon\">\n\t\t\t\t<svg aria-hidden=\"true\" class=\"e-font-icon-svg e-far-address-book\" viewBox=\"0 0 448 512\" xmlns=\"http:\/\/www.w3.org\/2000\/svg\"><path d=\"M436 160c6.6 0 12-5.4 12-12v-40c0-6.6-5.4-12-12-12h-20V48c0-26.5-21.5-48-48-48H48C21.5 0 0 21.5 0 48v416c0 26.5 21.5 48 48 48h320c26.5 0 48-21.5 48-48v-48h20c6.6 0 12-5.4 12-12v-40c0-6.6-5.4-12-12-12h-20v-64h20c6.6 0 12-5.4 12-12v-40c0-6.6-5.4-12-12-12h-20v-64h20zm-68 304H48V48h320v416zM208 256c35.3 0 64-28.7 64-64s-28.7-64-64-64-64 28.7-64 64 28.7 64 64 64zm-89.6 128h179.2c12.4 0 22.4-8.6 22.4-19.2v-19.2c0-31.8-30.1-57.6-67.2-57.6-10.8 0-18.7 8-44.8 8-26.9 0-33.4-8-44.8-8-37.1 0-67.2 25.8-67.2 57.6v19.2c0 10.6 10 19.2 22.4 19.2z\"><\/path><\/svg>\t\t\t<\/span>\n\t\t\t\t\t\t\t\t\t<span class=\"elementor-button-text\">Agende Aqui!<\/span>\n\t\t\t\t\t<\/span>\n\t\t\t\t\t<\/a>\n\t\t\t\t<\/div>\n\t\t\t\t\t\t\t\t<\/div>\n\t\t\t\t<\/div>\n\t\t\t\t<\/div>\n\t\t<div class=\"elementor-element elementor-element-fa74e3a e-con-full e-flex e-con e-child\" data-id=\"fa74e3a\" data-element_type=\"container\">\n\t\t\t\t<div class=\"elementor-element elementor-element-ab65cea elementor-widget elementor-widget-heading\" data-id=\"ab65cea\" data-element_type=\"widget\" data-widget_type=\"heading.default\">\n\t\t\t\t<div class=\"elementor-widget-container\">\n\t\t\t\t\t<h2 class=\"elementor-heading-title elementor-size-default\">Consultas Terap\u00eauticas<\/h2>\t\t\t\t<\/div>\n\t\t\t\t<\/div>\n\t\t\t\t<div class=\"elementor-element elementor-element-8503076 elementor-widget elementor-widget-image\" data-id=\"8503076\" data-element_type=\"widget\" data-widget_type=\"image.default\">\n\t\t\t\t<div class=\"elementor-widget-container\">\n\t\t\t\t\t\t\t\t\t\t\t\t\t\t\t<img fetchpriority=\"high\" decoding=\"async\" width=\"800\" height=\"400\" src=\"https:\/\/psicoigormarques.com.br\/wp-content\/uploads\/2025\/04\/ChaiseMenor.jpg\" class=\"attachment-full size-full wp-image-1816\" alt=\"\" srcset=\"https:\/\/psicoigormarques.com.br\/wp-content\/uploads\/2025\/04\/ChaiseMenor.jpg 800w, https:\/\/psicoigormarques.com.br\/wp-content\/uploads\/2025\/04\/ChaiseMenor-300x150.jpg 300w, https:\/\/psicoigormarques.com.br\/wp-content\/uploads\/2025\/04\/ChaiseMenor-768x384.jpg 768w\" sizes=\"(max-width: 800px) 100vw, 800px\" \/>\t\t\t\t\t\t\t\t\t\t\t\t\t\t\t<\/div>\n\t\t\t\t<\/div>\n\t\t\t\t<div class=\"elementor-element elementor-element-7939399 elementor-widget__width-inherit elementor-widget elementor-widget-text-editor\" data-id=\"7939399\" data-element_type=\"widget\" data-widget_type=\"text-editor.default\">\n\t\t\t\t<div class=\"elementor-widget-container\">\n\t\t\t\t\t\t\t\t\t<p>J\u00e1 a <b>consulta terap\u00eautica <\/b>\u00e9 um <b>processo mais curto (3 a 5 sess\u00f5es de 50 minutos), <\/b>centrado principalmente na inten\u00e7\u00e3o de se <b>compreender melhor qual \u00e9 o problema&nbsp;<\/b>&nbsp;sobre o qual se sofre.<\/p>\n<p>Se apropriar do sofrimento, nome\u00e1-lo de acordo com a vida da pessoa.<\/p>\n<p>\u00c9 um processo mais curto, que se responsabiliza por uma pequena parte daquilo que acontece na an\u00e1lise! Esse trabalho de delimitar onde e como o sofrimento de uma pessoa se d\u00e1 &#8211; com quais cartas essa pessoa est\u00e1 jogando esse curioso jogo da vida.<\/p><p>Indicado em momentos em que a pessoa se encontra &#8220;perdida&#8221; em sua vida, sem saber muito bem para onde ir ou o que fazer.&nbsp;<\/p>\n<p>Podemos pensar as consultas terap\u00eauticas como um <b>diagn\u00f3stico \u00edntimo e individual<\/b>&nbsp;sobre o sofrimento da pessoa, para <b>al\u00e9m das nomea\u00e7\u00f5es mais famosas <\/b>(como TDAH e Autismo, que pedem um processo diagn\u00f3stico que n\u00e3o ofere\u00e7o).<\/p>\t\t\t\t\t\t\t\t<\/div>\n\t\t\t\t<\/div>\n\t\t\t\t<div class=\"elementor-element elementor-element-9971d05 elementor-button-success elementor-align-center elementor-widget elementor-widget-button\" data-id=\"9971d05\" data-element_type=\"widget\" data-widget_type=\"button.default\">\n\t\t\t\t<div class=\"elementor-widget-container\">\n\t\t\t\t\t\t\t\t\t<div class=\"elementor-button-wrapper\">\n\t\t\t\t\t<a class=\"elementor-button elementor-button-link elementor-size-sm\" href=\"https:\/\/psicoigormarques.com.br\/?page_id=557\">\n\t\t\t\t\t\t<span class=\"elementor-button-content-wrapper\">\n\t\t\t\t\t\t<span class=\"elementor-button-icon\">\n\t\t\t\t<svg aria-hidden=\"true\" class=\"e-font-icon-svg e-far-address-book\" viewBox=\"0 0 448 512\" xmlns=\"http:\/\/www.w3.org\/2000\/svg\"><path d=\"M436 160c6.6 0 12-5.4 12-12v-40c0-6.6-5.4-12-12-12h-20V48c0-26.5-21.5-48-48-48H48C21.5 0 0 21.5 0 48v416c0 26.5 21.5 48 48 48h320c26.5 0 48-21.5 48-48v-48h20c6.6 0 12-5.4 12-12v-40c0-6.6-5.4-12-12-12h-20v-64h20c6.6 0 12-5.4 12-12v-40c0-6.6-5.4-12-12-12h-20v-64h20zm-68 304H48V48h320v416zM208 256c35.3 0 64-28.7 64-64s-28.7-64-64-64-64 28.7-64 64 28.7 64 64 64zm-89.6 128h179.2c12.4 0 22.4-8.6 22.4-19.2v-19.2c0-31.8-30.1-57.6-67.2-57.6-10.8 0-18.7 8-44.8 8-26.9 0-33.4-8-44.8-8-37.1 0-67.2 25.8-67.2 57.6v19.2c0 10.6 10 19.2 22.4 19.2z\"><\/path><\/svg>\t\t\t<\/span>\n\t\t\t\t\t\t\t\t\t<span class=\"elementor-button-text\">Agende Aqui!<\/span>\n\t\t\t\t\t<\/span>\n\t\t\t\t\t<\/a>\n\t\t\t\t<\/div>\n\t\t\t\t\t\t\t\t<\/div>\n\t\t\t\t<\/div>\n\t\t\t\t<\/div>\n\t\t\t\t\t<\/div>\n\t\t\t\t<\/div>\n\t\t\t\t<div class=\"elementor-element elementor-element-14139a3 elementor-widget elementor-widget-polpress_video\" data-id=\"14139a3\" data-element_type=\"widget\" data-widget_type=\"polpress_video.default\">\n\t\t\t\t<div class=\"elementor-widget-container\">\n\t\t\t\t\t    <!-- video-section -->\n    <section class=\"video-section centred\" style=\"background-image: url(https:\/\/psicoigormarques.com.br\/wp-content\/uploads\/2025\/04\/pexels-anete-lusina-6354084-scaled.jpg);\">\n      <div class=\"auto-container\">\n        <div class=\"sec-title light centred\">\n          <i class=\"flaticon-brain-1\"><\/i>\n          <h6>Thomas Ogden<\/h6>\n        <\/div>\n        <div class=\"inner-box\">\n          <h2>\"It takes two minds to think one's most disturbing thoughts\"<\/h2>\n          <div class=\"video-btn\">\n            <a class=\"popup-youtube\" href=\"https:\/\/www.youtube.com\/watch?v=hF03Q83PEZ0\"   data-caption=\"\"><i class=\"flaticon-play-button-1\"><\/i><\/a>\n          <\/div>\n        <\/div>\n      <\/div>\n    <\/section>\n    <!-- video-section end -->\n\t\t\t\t<\/div>\n\t\t\t\t<\/div>\n\t\t\t\t\t<\/div>\n\t\t<\/div>\n\t\t\t\t\t<\/div>\n\t\t<\/section>\n\t\t\t\t<\/div>\n\t\t","protected":false},"excerpt":{"rendered":"<p>Psicoterapia \/ An\u00e1lise A an\u00e1lise \u00e9 um processo de longo prazo, no qual a pessoa que procura essa escuta se [&hellip;]<\/p>\n","protected":false},"author":1,"featured_media":972,"parent":0,"menu_order":0,"comment_status":"closed","ping_status":"closed","template":"elementor_header_footer","meta":{"footnotes":""},"class_list":["post-521","page","type-page","status-publish","has-post-thumbnail","hentry"],"_links":{"self":[{"href":"https:\/\/psicoigormarques.com.br\/index.php?rest_route=\/wp\/v2\/pages\/521","targetHints":{"allow":["GET"]}}],"collection":[{"href":"https:\/\/psicoigormarques.com.br\/index.php?rest_route=\/wp\/v2\/pages"}],"about":[{"href":"https:\/\/psicoigormarques.com.br\/index.php?rest_route=\/wp\/v2\/types\/page"}],"author":[{"embeddable":true,"href":"https:\/\/psicoigormarques.com.br\/index.php?rest_route=\/wp\/v2\/users\/1"}],"replies":[{"embeddable":true,"href":"https:\/\/psicoigormarques.com.br\/index.php?rest_route=%2Fwp%2Fv2%2Fcomments&post=521"}],"version-history":[{"count":36,"href":"https:\/\/psicoigormarques.com.br\/index.php?rest_route=\/wp\/v2\/pages\/521\/revisions"}],"predecessor-version":[{"id":2005,"href":"https:\/\/psicoigormarques.com.br\/index.php?rest_route=\/wp\/v2\/pages\/521\/revisions\/2005"}],"wp:featuredmedia":[{"embeddable":true,"href":"https:\/\/psicoigormarques.com.br\/index.php?rest_route=\/wp\/v2\/media\/972"}],"wp:attachment":[{"href":"https:\/\/psicoigormarques.com.br\/index.php?rest_route=%2Fwp%2Fv2%2Fmedia&parent=521"}],"curies":[{"name":"wp","href":"https:\/\/api.w.org\/{rel}","templated":true}]}}