{"id":6,"date":"2021-08-09T05:45:14","date_gmt":"2021-08-09T05:45:14","guid":{"rendered":"https:\/\/psicoigormarques.com.br\/?page_id=6"},"modified":"2025-07-02T16:43:19","modified_gmt":"2025-07-02T16:43:19","slug":"home-page-01","status":"publish","type":"page","link":"https:\/\/psicoigormarques.com.br\/","title":{"rendered":"Psic\u00f3logo Igor Marques"},"content":{"rendered":"\t\t<div data-elementor-type=\"wp-page\" data-elementor-id=\"6\" class=\"elementor elementor-6\">\n\t\t\t\t<div class=\"elementor-element elementor-element-ab86d16 e-grid e-con-boxed e-con e-parent\" data-id=\"ab86d16\" data-element_type=\"container\">\n\t\t\t\t\t<div class=\"e-con-inner\">\n\t\t<div class=\"elementor-element elementor-element-423db61 e-con-full e-flex e-con e-child\" data-id=\"423db61\" data-element_type=\"container\">\n\t\t\t\t<div class=\"elementor-element elementor-element-7654076 elementor-widget elementor-widget-image\" data-id=\"7654076\" data-element_type=\"widget\" data-widget_type=\"image.default\">\n\t\t\t\t<div class=\"elementor-widget-container\">\n\t\t\t\t\t\t\t\t\t\t\t\t\t\t\t<img fetchpriority=\"high\" decoding=\"async\" width=\"803\" height=\"941\" src=\"https:\/\/psicoigormarques.com.br\/wp-content\/uploads\/2025\/07\/gigapixel-openart-image_HjPCBt5m_1751352413460_raw-removebg-preview-1-2.png\" class=\"attachment-full size-full wp-image-2022\" alt=\"foto de igor marques psic\u00f3logo\" srcset=\"https:\/\/psicoigormarques.com.br\/wp-content\/uploads\/2025\/07\/gigapixel-openart-image_HjPCBt5m_1751352413460_raw-removebg-preview-1-2.png 803w, https:\/\/psicoigormarques.com.br\/wp-content\/uploads\/2025\/07\/gigapixel-openart-image_HjPCBt5m_1751352413460_raw-removebg-preview-1-2-256x300.png 256w, https:\/\/psicoigormarques.com.br\/wp-content\/uploads\/2025\/07\/gigapixel-openart-image_HjPCBt5m_1751352413460_raw-removebg-preview-1-2-768x900.png 768w\" sizes=\"(max-width: 803px) 100vw, 803px\" \/>\t\t\t\t\t\t\t\t\t\t\t\t\t\t\t<\/div>\n\t\t\t\t<\/div>\n\t\t\t\t<\/div>\n\t\t<div class=\"elementor-element elementor-element-cc90757 e-con-full e-flex e-con e-child\" data-id=\"cc90757\" data-element_type=\"container\">\n\t\t\t\t<div class=\"elementor-element elementor-element-3c90a01 elementor-widget elementor-widget-heading\" data-id=\"3c90a01\" data-element_type=\"widget\" data-widget_type=\"heading.default\">\n\t\t\t\t<div class=\"elementor-widget-container\">\n\t\t\t\t\t<h2 class=\"elementor-heading-title elementor-size-default\"><h1 style=\"transition-property: all; white-space-collapse: collapse;\">Ol\u00e1!<\/h1><br><h1 style=\"transition-property: all; white-space-collapse: collapse;\">Que bom que voc\u00ea chegou aqui.<\/h1><\/h2>\t\t\t\t<\/div>\n\t\t\t\t<\/div>\n\t\t\t\t<div class=\"elementor-element elementor-element-d2006d2 elementor-widget elementor-widget-text-editor\" data-id=\"d2006d2\" data-element_type=\"widget\" data-widget_type=\"text-editor.default\">\n\t\t\t\t<div class=\"elementor-widget-container\">\n\t\t\t\t\t\t\t\t\t<h4>Meu nome \u00e9 Igor Marques Santos, e provavelmente voc\u00ea est\u00e1 \u00e0 <b>procura de um psic\u00f3logo<\/b> para entrar em uma nova etapa da sua vida (ou, at\u00e9, sair de uma etapa ultrapassada)<\/h4><h4><b>Minha inten\u00e7\u00e3o \u00e9 te ajudar nessa caminhada!<\/b><\/h4><h4><u><br \/><\/u>Neste site voc\u00ea pode encontrar um pouco da <a href=\"https:\/\/psicoigormarques.com.br\/?page_id=1715\"><b>minha trajet\u00f3ria<\/b><\/a>, os <a href=\"https:\/\/psicoigormarques.com.br\/?page_id=521\"><b>servi\u00e7os<\/b> que ofere\u00e7o<\/a>, alguns textos mostrando parte da <b>teoria<\/b> que utilizo como baliza para os atendimentos.<\/h4><div>\u00a0<\/div><h4>Por fim, tamb\u00e9m minhas <a href=\"https:\/\/psicoigormarques.com.br\/?page_id=557\"><b>informa\u00e7\u00f5es de contato<\/b><\/a>, caso tenha te interessado.<\/h4><h4><b><i>Fique \u00e0 vontade!<\/i><\/b><\/h4>\t\t\t\t\t\t\t\t<\/div>\n\t\t\t\t<\/div>\n\t\t\t\t<\/div>\n\t\t\t\t\t<\/div>\n\t\t\t\t<\/div>\n\t\t\t\t<section class=\"elementor-section elementor-top-section elementor-element elementor-element-f7b2088 elementor-section-full_width elementor-section-height-default elementor-section-height-default\" data-id=\"f7b2088\" data-element_type=\"section\">\n\t\t\t\t\t\t<div class=\"elementor-container elementor-column-gap-default\">\n\t\t\t\t\t<div class=\"elementor-column elementor-col-100 elementor-top-column elementor-element elementor-element-f7411e7\" data-id=\"f7411e7\" data-element_type=\"column\">\n\t\t\t<div class=\"elementor-widget-wrap elementor-element-populated\">\n\t\t\t\t\t\t<div class=\"elementor-element elementor-element-7055518 elementor-widget elementor-widget-polpress_cta\" data-id=\"7055518\" data-element_type=\"widget\" data-widget_type=\"polpress_cta.default\">\n\t\t\t\t<div class=\"elementor-widget-container\">\n\t\t\t\t\t      <!-- cta-section -->\n      <section class=\"cta-section bg-color-2\">\n        <span class=\"title-one\"><\/span>\n        <span class=\"title-two\">Atendimentos<\/span>\n        <div class=\"auto-container\">\n          <div class=\"inner-box clearfix\">\n            <div class=\"text pull-left\">\n              <h2><i class=\"flaticon-brain\"><\/i>Agende <span>J\u00e1<\/span> <br> Sua Consulta<\/h2>\n            <\/div>\n            <div class=\"btn-box pull-right\">\n              <a href=\"https:\/\/psicoigormarques.com.br\/?page_id=557\"   class=\"theme-btn btn-one\">Clique Aqui <\/a>\n              <a href=\"https:\/\/psicoigormarques.com.br\/?page_id=1715\"   class=\"theme-btn btn-three\">Saiba Mais<\/a>\n            <\/div>\n          <\/div>\n        <\/div>\n      <\/section>\n      <!-- cta-section end -->\n    \t\t\t\t<\/div>\n\t\t\t\t<\/div>\n\t\t\t\t<div class=\"elementor-element elementor-element-83b43d5 elementor-widget-tablet__width-auto elementor-widget elementor-widget-polpress_case\" data-id=\"83b43d5\" data-element_type=\"widget\" data-widget_type=\"polpress_case.default\">\n\t\t\t\t<div class=\"elementor-widget-container\">\n\t\t\t\t\t      <!-- case-section -->\n      <section class=\"case-section\">\n        <div class=\"fluid-container\">\n          <div class=\"sec-title centred\">\n            <i class=\"flaticon-brain-1\"><\/i>\n            <h6>Conhe\u00e7a Mais<\/h6>\n            <h2>Tipos de Atendimentos<\/h2>\n          <\/div>\n          <div class=\"row clearfix\">\n            <div class=\"col-lg-6 col-md-12 col-sm-12 case-block\">\n                              <div class=\"case-block-one\">\n                  <div class=\"inner-box\">\n                    <figure class=\"image-box\">\n                      <img decoding=\"async\" width=\"735\" height=\"367\" src=\"https:\/\/psicoigormarques.com.br\/wp-content\/uploads\/2025\/04\/counselingMenor.jpg\" class=\"attachment-full size-full\" alt=\"\" \/>                    <\/figure>\n                    <div class=\"content-box\">\n                      <div class=\"inner\">\n                        <div class=\"icon-box\"><i class=\"flaticon-brain\"><\/i><\/div>\n                        <h2><a href=\"https:\/\/psicoigormarques.com.br\/?page_id=521\"  >Psicoterapia \/ An\u00e1lise<\/a><\/h2>\n                      <\/div>\n                    <\/div>\n                  <\/div>\n                <\/div>\n                          <\/div>\n            <div class=\"col-lg-6 col-md-12 col-sm-12 case-block\">\n                                <div class=\"case-block-one\">\n                    <div class=\"inner-box\">\n                      <figure class=\"image-box\">\n                        <img decoding=\"async\" width=\"800\" height=\"400\" src=\"https:\/\/psicoigormarques.com.br\/wp-content\/uploads\/2025\/04\/ChaiseMenor.jpg\" class=\"attachment-full size-full\" alt=\"\" \/>                      <\/figure>\n                      <div class=\"content-box\">\n                        <div class=\"inner\">\n                          <div class=\"icon-box\"><i class=\"flaticon-brain\"><\/i><\/div>\n                          <h2><a href=\"https:\/\/psicoigormarques.com.br\/?page_id=521\"  >Consultas Terap\u00eauticas<\/a><\/h2>\n                        <\/div>\n                      <\/div>\n                    <\/div>\n                  <\/div>\n                          <\/div>\n            \n          <\/div>\n        <\/div>\n      <\/section>\n      <!-- case-section end -->\n    \t\t\t\t<\/div>\n\t\t\t\t<\/div>\n\t\t\t\t<div class=\"elementor-element elementor-element-028715b elementor-widget elementor-widget-polpress_about\" data-id=\"028715b\" data-element_type=\"widget\" data-widget_type=\"polpress_about.default\">\n\t\t\t\t<div class=\"elementor-widget-container\">\n\t\t\t\t\t        <!-- about-section -->\n        <section class=\"about-section\">\n            <div class=\"auto-container\">\n                <div class=\"row clearfix\">\n                    <div class=\"col-lg-6 col-md-12 col-sm-12 image-column\">\n                        <div class=\"image_block_1\">\n                            <div class=\"image-box\">\n                                <figure class=\"image image-1\">\n                                    <img loading=\"lazy\" decoding=\"async\" width=\"675\" height=\"1200\" src=\"https:\/\/psicoigormarques.com.br\/wp-content\/uploads\/2025\/04\/palhaindiana.jpg\" class=\"attachment-full size-full\" alt=\"\" \/>                                <\/figure>\n                                <figure class=\"image image-2\">\n                                    <img loading=\"lazy\" decoding=\"async\" width=\"657\" height=\"659\" src=\"https:\/\/psicoigormarques.com.br\/wp-content\/uploads\/2025\/04\/costas-3.jpg\" class=\"attachment-full size-full\" alt=\"\" \/>                                <\/figure>\n                                <div class=\"shape\" style=\"background-image: url(https:\/\/psicoigormarques.com.br\/wp-content\/uploads\/2021\/08\/shape-5.png);\"><\/div>\n                                <span class=\"text\"><\/span>\n                                <div class=\"video-btn\">\n                                    <a href=\"\"   class=\"popup-youtube\" data-caption=\"\"><\/a>\n                                <\/div>\n                            <\/div>\n                        <\/div>\n                    <\/div>\n                    <div class=\"col-lg-6 col-md-12 col-sm-12 content-column\">\n                        <div class=\"content_block_1\">\n                            <div class=\"content-box\">\n                                <div class=\"sec-title\">\n                                    <h2>Venha Construir uma  <span>Nova Vers\u00e3o Sua!<\/span><\/h2>\n                                <\/div>\n                                <div class=\"text\">\n                                    <p>Os caminhos da vida nem sempre s\u00e3o simples, ou f\u00e1ceis de serem trilhados; Por vezes, a vida nos pede algo que n\u00e3o podemos (ou conseguimos!), e, ent\u00e3o, nas tentativas de lidar com o transbordar que \u00e9 a vida, seguimos caminhos por vezes sinuosos, aterrorizantes, ou prec\u00e1rios. Afinal, temos que fazer por onde!\nPor vezes estamos enfrentando alguma ansiedade, depress\u00e3o, e precisamos de uma escuta profissional para lidar com essas situa\u00e7\u00f5es.<\/p>\n                                <\/div>\n                                <div class=\"inner-box\">\n                                    <figure class=\"image-box\">\n                                        <img loading=\"lazy\" decoding=\"async\" width=\"736\" height=\"354\" src=\"https:\/\/psicoigormarques.com.br\/wp-content\/uploads\/2025\/04\/cadeira-e1745526311308.jpg\" class=\"attachment-full size-full\" alt=\"\" \/>                                    <\/figure>\n                                    <div class=\"inner\">\n                                        <h5><i aria-hidden=\"true\" class=\" flaticon-right-quote\"><\/i>A Psican\u00e1lise<\/h5>\n                                        <p>Assim, \u00e9 na an\u00e1lise que voc\u00ea pode ter um momento a mais para refletir sobre esses caminhos, entrando em contato com aquilo que te fez ser voc\u00ea e que por vezes at\u00e9 por isso te prende - e poder questionar tudo isso, tra\u00e7ando novos sonhos e formas de ser.<\/p>\n                                    <\/div>\n                                <\/div>\n                                <figure class=\"signature\">\n                                                                    <\/figure>\n                            <\/div>\n                        <\/div>\n                    <\/div>\n                <\/div>\n            <\/div>\n        <\/section>\n        <!-- about-section end -->\n\t\t\t\t<\/div>\n\t\t\t\t<\/div>\n\t\t\t\t\t<\/div>\n\t\t<\/div>\n\t\t\t\t\t<\/div>\n\t\t<\/section>\n\t\t<div class=\"elementor-element elementor-element-165a9e1 e-flex e-con-boxed e-con e-parent\" data-id=\"165a9e1\" data-element_type=\"container\">\n\t\t\t\t\t<div class=\"e-con-inner\">\n\t\t\t\t<div class=\"elementor-element elementor-element-b0422a5 elementor-widget elementor-widget-image\" data-id=\"b0422a5\" data-element_type=\"widget\" data-widget_type=\"image.default\">\n\t\t\t\t<div class=\"elementor-widget-container\">\n\t\t\t\t\t\t\t\t\t\t\t\t\t\t\t<img loading=\"lazy\" decoding=\"async\" width=\"2560\" height=\"270\" src=\"https:\/\/psicoigormarques.com.br\/wp-content\/uploads\/2025\/04\/extreme-closeup-chopped-wood-with-visible-ring-pattern-scaled.jpg\" class=\"attachment-full size-full wp-image-1848\" alt=\"\" srcset=\"https:\/\/psicoigormarques.com.br\/wp-content\/uploads\/2025\/04\/extreme-closeup-chopped-wood-with-visible-ring-pattern-scaled.jpg 2560w, https:\/\/psicoigormarques.com.br\/wp-content\/uploads\/2025\/04\/extreme-closeup-chopped-wood-with-visible-ring-pattern-300x32.jpg 300w, https:\/\/psicoigormarques.com.br\/wp-content\/uploads\/2025\/04\/extreme-closeup-chopped-wood-with-visible-ring-pattern-1024x108.jpg 1024w, https:\/\/psicoigormarques.com.br\/wp-content\/uploads\/2025\/04\/extreme-closeup-chopped-wood-with-visible-ring-pattern-768x81.jpg 768w, https:\/\/psicoigormarques.com.br\/wp-content\/uploads\/2025\/04\/extreme-closeup-chopped-wood-with-visible-ring-pattern-1536x162.jpg 1536w, https:\/\/psicoigormarques.com.br\/wp-content\/uploads\/2025\/04\/extreme-closeup-chopped-wood-with-visible-ring-pattern-2048x216.jpg 2048w\" sizes=\"(max-width: 2560px) 100vw, 2560px\" \/>\t\t\t\t\t\t\t\t\t\t\t\t\t\t\t<\/div>\n\t\t\t\t<\/div>\n\t\t\t\t\t<\/div>\n\t\t\t\t<\/div>\n\t\t\t\t<section class=\"elementor-section elementor-top-section elementor-element elementor-element-de33ecb elementor-section-full_width elementor-section-height-default elementor-section-height-default\" data-id=\"de33ecb\" data-element_type=\"section\">\n\t\t\t\t\t\t<div class=\"elementor-container elementor-column-gap-no\">\n\t\t\t\t\t<div class=\"elementor-column elementor-col-100 elementor-top-column elementor-element elementor-element-6faf135\" data-id=\"6faf135\" data-element_type=\"column\">\n\t\t\t<div class=\"elementor-widget-wrap\">\n\t\t\t\t\t\t\t<\/div>\n\t\t<\/div>\n\t\t\t\t\t<\/div>\n\t\t<\/section>\n\t\t\t\t<\/div>\n\t\t","protected":false},"excerpt":{"rendered":"<p>Ol\u00e1! Que bom que voc\u00ea chegou aqui. Meu nome \u00e9 Igor Marques Santos, e provavelmente voc\u00ea est\u00e1 \u00e0 procura de [&hellip;]<\/p>\n","protected":false},"author":1,"featured_media":0,"parent":0,"menu_order":0,"comment_status":"closed","ping_status":"closed","template":"elementor_header_footer","meta":{"footnotes":""},"class_list":["post-6","page","type-page","status-publish","hentry"],"_links":{"self":[{"href":"https:\/\/psicoigormarques.com.br\/index.php?rest_route=\/wp\/v2\/pages\/6","targetHints":{"allow":["GET"]}}],"collection":[{"href":"https:\/\/psicoigormarques.com.br\/index.php?rest_route=\/wp\/v2\/pages"}],"about":[{"href":"https:\/\/psicoigormarques.com.br\/index.php?rest_route=\/wp\/v2\/types\/page"}],"author":[{"embeddable":true,"href":"https:\/\/psicoigormarques.com.br\/index.php?rest_route=\/wp\/v2\/users\/1"}],"replies":[{"embeddable":true,"href":"https:\/\/psicoigormarques.com.br\/index.php?rest_route=%2Fwp%2Fv2%2Fcomments&post=6"}],"version-history":[{"count":46,"href":"https:\/\/psicoigormarques.com.br\/index.php?rest_route=\/wp\/v2\/pages\/6\/revisions"}],"predecessor-version":[{"id":2028,"href":"https:\/\/psicoigormarques.com.br\/index.php?rest_route=\/wp\/v2\/pages\/6\/revisions\/2028"}],"wp:attachment":[{"href":"https:\/\/psicoigormarques.com.br\/index.php?rest_route=%2Fwp%2Fv2%2Fmedia&parent=6"}],"curies":[{"name":"wp","href":"https:\/\/api.w.org\/{rel}","templated":true}]}}